{"id":119,"date":"2015-06-23T15:07:13","date_gmt":"2015-06-23T13:07:13","guid":{"rendered":"http:\/\/theodorabauer.at\/?page_id=119"},"modified":"2026-04-17T12:26:41","modified_gmt":"2026-04-17T10:26:41","slug":"termine","status":"publish","type":"page","link":"https:\/\/theodorabauer.at\/?page_id=119","title":{"rendered":"Termine"},"content":{"rendered":"<hr \/>\n<h1>2026<\/h1>\n<hr \/>\n<p><strong>Donnerstag, 7. Mai 2026<\/strong> PREMIERE<\/p>\n<p>Premiere der Theaterproduktion <a href=\"https:\/\/www.oho.at\/programm\/die-strasse-der-frauen\"><strong>&#8222;Die Stra\u00dfe der Frauen&#8220;<\/strong><\/a> der <strong>Theaterinitiative Burgenland<\/strong>. Gemeinsam mit sechs anderen burgenl\u00e4ndischen Autorinnen durfte ich Texte zu weiblichen burgenl\u00e4ndischen Burggeistern schreiben.<\/p>\n<p><strong>Regie:<\/strong> Valentina Himmelbauer und Peter Wagner<\/p>\n<p><strong>Autorinnen:<\/strong> Sanja Abramovic, Theodora Bauer, Katrin Bernhardt, Petra Piuk, Sophie Reyer, Johanna Sebauer, Katharina Tiwald<\/p>\n<p><strong>Darstellerinnen:<\/strong> Myriam Angela, Petra Staduan, Petra Strasser<\/p>\n<p><strong>Komposition und Live-Musik:<\/strong> Mira Perusich<\/p>\n<p><strong>Bildende K\u00fcnstlerinnen \/ B\u00fchnenbild:<\/strong> Renate Holpfer, Judith Horvatits, Elke Mischling, Ilse Lichtenberger, Petra Neulinger, Doris Schamp<\/p>\n<p><strong>Regieassistenz:<\/strong> Sara Bonk<\/p>\n<p><strong>Produktionsleitung:<\/strong> Hans Panner<\/p>\n<p><strong>Technische Leitung, Lichtdesign:<\/strong> Alfred Masal<\/p>\n<p><strong>Bauten, technische Abwicklung:<\/strong> Florian Decker, Jan Tomsits<\/p>\n<p><strong>B\u00fcro:<\/strong> Silvia Magdits<\/p>\n<p>Eine Koproduktion der Theaterinitiative Burgenland \/ des Landestheaters der Autor:innen mit dem Offenen Haus Oberwart<\/p>\n<p><a href=\"https:\/\/www.yumpu.com\/de\/document\/read\/71065886\/blattwerk-zeitschrift-fur-kunst-und-kultur-am-ort-no-27\/13\">Auff\u00fchrungstermine<\/a> am OHO, in der Kuga, dem KUZ Eisenstadt und in Wien.<\/p>\n<hr \/>\n<p><strong>7.-10. Mai 2026<\/strong> MODERATION<\/p>\n<p>Auch dieses Jahr darf ich wieder die <strong><a href=\"https:\/\/www.achensee-literatour.at\/at\/324-achensee.literatour-2026\">achensee.literatour<\/a><\/strong>, ein wunderbares <strong>Literaturfestival<\/strong> am <strong>Achensee in Tirol<\/strong>, moderieren.<\/p>\n<p>Lesen werden in einer Reihe von unterschiedlichen Veranstaltungen: <strong>Vea Kaiser, Mieze Medusa, Julia Pustet, Verena Altenberger, Berhard Aichner, Emil Kaschke, Robert Prosser, Birgit Birnbacher <\/strong>und <strong>Maria H\u00f6fle<\/strong>.<\/p>\n<hr \/>\n<p>16.-22. Mai 2026 LESEREISE<\/p>\n<p>Infos tba<\/p>\n<hr \/>\n<p>&nbsp;<\/p>\n","protected":false},"excerpt":{"rendered":"<p class=\"excerpt\">2026 Donnerstag, 7. Mai 2026 PREMIERE Premiere der Theaterproduktion &#8222;Die Stra\u00dfe der Frauen&#8220; der Theaterinitiative Burgenland. Gemeinsam mit sechs anderen burgenl\u00e4ndischen Autorinnen durfte ich Texte zu weiblichen burgenl\u00e4ndischen Burggeistern schreiben. Regie: Valentina Himmelbauer und Peter Wagner Autorinnen: Sanja Abramovic, Theodora Bauer, Katrin Bernhardt, Petra Piuk, Sophie Reyer, Johanna Sebauer, Katharina Tiwald Darstellerinnen: Myriam Angela, Petra Staduan, Petra Strasser Komposition und&hellip; <a href=\"https:\/\/theodorabauer.at\/?page_id=119\">Read more &rarr;<\/a><\/p>\n","protected":false},"author":2,"featured_media":0,"parent":0,"menu_order":0,"comment_status":"closed","ping_status":"open","template":"","meta":{"footnotes":""},"_links":{"self":[{"href":"https:\/\/theodorabauer.at\/index.php?rest_route=\/wp\/v2\/pages\/119"}],"collection":[{"href":"https:\/\/theodorabauer.at\/index.php?rest_route=\/wp\/v2\/pages"}],"about":[{"href":"https:\/\/theodorabauer.at\/index.php?rest_route=\/wp\/v2\/types\/page"}],"author":[{"embeddable":true,"href":"https:\/\/theodorabauer.at\/index.php?rest_route=\/wp\/v2\/users\/2"}],"replies":[{"embeddable":true,"href":"https:\/\/theodorabauer.at\/index.php?rest_route=%2Fwp%2Fv2%2Fcomments&post=119"}],"version-history":[{"count":229,"href":"https:\/\/theodorabauer.at\/index.php?rest_route=\/wp\/v2\/pages\/119\/revisions"}],"predecessor-version":[{"id":2330,"href":"https:\/\/theodorabauer.at\/index.php?rest_route=\/wp\/v2\/pages\/119\/revisions\/2330"}],"wp:attachment":[{"href":"https:\/\/theodorabauer.at\/index.php?rest_route=%2Fwp%2Fv2%2Fmedia&parent=119"}],"curies":[{"name":"wp","href":"https:\/\/api.w.org\/{rel}","templated":true}]}}