{"id":78,"date":"2015-06-23T14:14:44","date_gmt":"2015-06-23T12:14:44","guid":{"rendered":"http:\/\/theodorabauer.at\/?page_id=78"},"modified":"2018-03-18T22:30:28","modified_gmt":"2018-03-18T21:30:28","slug":"presse","status":"publish","type":"page","link":"https:\/\/theodorabauer.at\/?page_id=78","title":{"rendered":"Presse"},"content":{"rendered":"<hr \/>\n<p><strong>Chikago<\/strong><\/p>\n<p><iframe loading=\"lazy\" width=\"848\" height=\"477\" src=\"https:\/\/www.youtube.com\/embed\/82zXJ8DQVEA?feature=oembed\" frameborder=\"0\" gesture=\"media\" allowfullscreen><\/iframe><\/p>\n<p style=\"text-align: justify;\">\u00bbTheodora Bauers \u203aChikago\u2039 ist auch ein Statement zur aktuellen Lage im Land.\u00ab <em>KURIER \/ Peter Pisa<\/em><\/p>\n<p style=\"text-align: justify;\">\u00bbIn charmantem \u00f6sterreichischen Deutsch verfasst stellt der Roman erneut das Schreibtalent Theodora Bauers unter Beweis.\u00ab <em>orf.at<\/em><\/p>\n<p style=\"text-align: justify;\">\u00bbTheodora Bauer erweist sich als wortm\u00e4chtige Erz\u00e4hlerin.\u00ab <em>News \/ Heinz Sichrovsky<\/em><\/p>\n<p style=\"text-align: justify;\">\u00bbTheodora Bauer verzaubert auch in ihrem zweiten Roman \u201eChikago\u201c mit einer besonderen Familiengeschichte. \u2026 Bauers Gesp\u00fcr f\u00fcr Geschichten ist einzigartig, genauso wie ihre sprachliche Virtuosit\u00e4t.\u00ab <em>Tiroler Tageszeitung \/ Brigitte Warenski<br \/>\n<\/em><\/p>\n<p style=\"text-align: justify;\">\u00bbIn ihrem Roman erz\u00e4hlt Theodora Bauer von den burgenl\u00e4ndischen Auswanderern in die USA in der Zwischenkriegszeit. Eine starke Geschichte von Hoffnung, Erwartung und Scheitern.\u00ab <em>Die Presse \/ Clementine Skorpil<\/em><\/p>\n<p style=\"text-align: justify;\">\u00bbTheodora Bauer begreift ihren Roman \u00fcber die Sehnsucht nach einem besseren Leben nicht zuletzt als Kommentar zur aktuellen Lage der Fl\u00fcchtlinge in Europa. Und als solcher ist er aufschlussreicher als so manche politische Analyse.\u00ab <em>\u00d61 Ex libris \/ Claudia Gschweitl<\/em><\/p>\n<p style=\"text-align: justify;\">\u00bb\u201eChikago\u201c klingt nach einem klassischen, brav recherchierten kleinen Historienroman. Aber der Schein tr\u00fcgt, dieses schmale B\u00fcchlein hat es politisch ordentlich in sich. Die junge \u00f6sterreichische Autorin Theodora Bauer beschw\u00f6rt mit einer sch\u00f6nen, altmodischen, aber schlichten Sprache eine verschwundene Welt, in der sich ein recht gegenw\u00e4rtiges Szenario abspielt.\u00ab <em>S\u00fcddeutsche Zeitung \/ Kathleen Hildebrand<\/em><\/p>\n<p style=\"text-align: justify;\">\u00bbGeopolitisches Agieren \u2013 Anschl\u00fcsse, Grenzverschiebungen, Landnahmen \u2013 ist eine b\u00f6se und komplizierte Sache. Fr\u00fcher, zur Zeit des Kaiserreichs \u00d6sterreich-Ungarn, wie heute. Daran, wie es den Menschen bei solchen oft gewaltt\u00e4tigen Umw\u00e4lzungen geht, denkt eigentlich kaum einer. \u2026 Dezent und kundig lotst Bauer in den kurzen Kapiteln durch die geschichtlichen Hintergr\u00fcnde, streut hier und da Orte und Ereignisse, ohne jemals ihre Figuren zu \u00fcberfordern.\u00ab <em>Hotlistblog \/ Senta Wagner<\/em><\/p>\n<p style=\"text-align: justify;\">\u00bbGl\u00fcck, das findet anderswo statt. Ein ersch\u00fctternder Befund, der wohl zu jeder Zeit auf die Situation Fl\u00fcchtender zutrifft. \u2026 Bestechend ist die Ausdrucksst\u00e4rke der jungen Autorin (Jahrgang 1990), die ihre Sprache mit der jeweiligen Perspektive, der jeweiligen Person modifiziert.\u00ab <em>Wiener Zeitung \/ Elisabeth Freundlinger<br \/>\n<\/em><\/p>\n<p style=\"text-align: justify;\">\u00bbDie Autorin schreibt mit einem k\u00fchlen ironischen Blick, der die Figuren sich selbst charakterisieren l\u00e4sst. \u2013 Oft wei\u00df man nicht, ob man weinen oder lachen soll \u00fcber die schwierigen Situationen, in die sich die Protagonisten man\u00f6vrieren. Besonders gut gelingt es Theodora Bauer Atmosph\u00e4re zu transportieren, in diesem Roman selbstverst\u00e4ndlich vor allem die Atmosph\u00e4re der Verzweiflung.\u00ab <em>der Freitag<\/em><\/p>\n<p style=\"text-align: justify;\">\u00bb\u203aChikago\u2039 ist eine Emigrationsgeschichte ohne erhobenen Zeigefinger. Der Autorin ist ein historisch triftiger und aktuell relevanter Roman gelungen.\u00ab<br \/>\n<em>Falter \/ Dominika Meindl<\/em><\/p>\n<p style=\"text-align: justify;\">\u00bbWie bei einem Kaleidoskop entsteht das facettenreiche Gesamtbild einer unsicheren Zeit &#8230; Der Leser bekommt einen vielschichtigen Einblick in eine Zeit, in der die Europ\u00e4er sich auf den Weg in die Fremde machten, um besser zu leben.\u00ab <em>WDR 5 B\u00fccher<\/em><\/p>\n<p style=\"text-align: justify;\">\u00bbEin Roman, der noch sehr viel Staub aufwirbeln und aktueller nicht sein k\u00f6nnte.\u00ab <em>literaturhaus.at \/ J\u00fcrgen Weber<\/em><\/p>\n<p style=\"text-align: justify;\">\u00bbSprachlich und dramaturgisch ein gro\u00dfer Genuss.\u00ab <em>Frankfurter Neue Presse<\/em><\/p>\n<p style=\"text-align: justify;\">\u00bbToll geschrieben.\u00ab <em>woman<\/em><\/p>\n<p style=\"text-align: justify;\">\u00bbUnbedingt lesen!\u00ab <em>Rupertus Buchhandlung Innsbruck \/ Barbara Kumpitsch<br \/>\n<\/em><\/p>\n<p>&nbsp;<\/p>\n<hr \/>\n<p><strong>Das Fell der Tante Meri:<\/strong><\/p>\n<p><iframe loading=\"lazy\" width=\"848\" height=\"477\" src=\"https:\/\/www.youtube.com\/embed\/fZThItRvOoU?feature=oembed\" frameborder=\"0\" allowfullscreen><\/iframe><\/p>\n<p style=\"text-align: justify;\">\u00bbEin rundum gelungenes Deb\u00fct, das sogar nach einer Verfilmung ruft.\u00ab <i>Tiroler Tageszeitung<\/i><\/p>\n<p style=\"text-align: justify;\">\u00bbUnd mit ihm (Ferdl) entdeckt der Leser eine Familiengeschichte mit viel Drama. Und eine sehr skurrile noch dazu.\u00ab <i>Die Presse \/ Erich Kocina <\/i><\/p>\n<p style=\"text-align: justify;\">\u00bbDieser Roman ist ein hinrei\u00dfendes Deb\u00fct, ein stilistisch und erz\u00e4hlerisch gl\u00e4nzendes Bravourst\u00fcck, das Leserinnen und Leser mit Freude auf die n\u00e4chste Erz\u00e4hlung der Autorin warten l\u00e4sst.\u00ab <i>Die Furche \/ Beatrix Kramlowsky <\/i><\/p>\n<p style=\"text-align: justify;\">\u00bbTheodora Bauer schafft einen kompakten, spannenden Roman, der die Zeit des Zweiten Weltkriegs vollkommen anders beleuchtet als bisherige Werke. Als Leser\/Leserin wird man von dem eigenwilligen Erz\u00e4hlton unmittelbar mitgerissen und folgt fasziniert den einzelnen Handlungsstr\u00e4ngen. Ein fulminantes Deb\u00fct!\u00ab<br \/>\n<i> biblio &#8211; katholische Buchplattform \/ Katharina Ferner <\/i><\/p>\n<p style=\"text-align: justify;\">\u00bbMit viel Sprachwitz und Humor (vor allem rund um die Hauptfigur) steigert Theodora Bauer die drei Handlungsebenen zu einem spannenden Finale mit \u00fcberraschenden Wendungen. Hut ab vor dieser Autorin und ihrem Deb\u00fctroman.\u00ab <i>magzin.at \/ Wolfgang K\u00fchn <\/i><\/p>\n<p style=\"text-align: justify;\">\u00bbTheodora Bauer erz\u00e4hlt klar strukturiert in einer fl\u00fcssigen Umgangssprache und haucht den handelnden Personen viel Charakter und Emotionen ein. Man befindet sich irgendwann mitten drinnen in dieser Geschichte, wo nationalsozialistische Weltanschauung und Verbrechen genauso existieren wie jugendliche Naivit\u00e4t und Ahnungslosigkeit. Selbst die Nebenfiguren sind gut gesetzt und bereichernd. Sehr einf\u00fchlsamer und gleichzeitig beklemmender Roman, tolles Deb\u00fct!\u00ab <i> Verlag des \u00d6GB \/ Rudolf Kraus <\/i><\/p>\n<p style=\"text-align: justify;\">\u00bbTheodora Bauer schreibt mit leichter Hand von den gewichtigen Dingen. Unterhaltung ist ihr nicht alles. Das Erz\u00e4hlen ist die ihr gem\u00e4\u00dfe Form, \u00fcber Politik zu sprechen. Sie zeigt \u00d6sterreich als Idyll mit Schreckenseinsprengseln.\u00ab <i> Salzburger Nachrichten \/ Anton Thuswaldner <\/i><\/p>\n<hr \/>\n","protected":false},"excerpt":{"rendered":"<p class=\"excerpt\">Chikago \u00bbTheodora Bauers \u203aChikago\u2039 ist auch ein Statement zur aktuellen Lage im Land.\u00ab KURIER \/ Peter Pisa \u00bbIn charmantem \u00f6sterreichischen Deutsch verfasst stellt der Roman erneut das Schreibtalent Theodora Bauers unter Beweis.\u00ab orf.at \u00bbTheodora Bauer erweist sich als wortm\u00e4chtige Erz\u00e4hlerin.\u00ab News \/ Heinz Sichrovsky \u00bbTheodora Bauer verzaubert auch in ihrem zweiten Roman \u201eChikago\u201c mit einer besonderen Familiengeschichte. \u2026 Bauers Gesp\u00fcr&hellip; <a href=\"https:\/\/theodorabauer.at\/?page_id=78\">Read more &rarr;<\/a><\/p>\n","protected":false},"author":2,"featured_media":0,"parent":0,"menu_order":0,"comment_status":"closed","ping_status":"open","template":"","meta":{"footnotes":""},"_links":{"self":[{"href":"https:\/\/theodorabauer.at\/index.php?rest_route=\/wp\/v2\/pages\/78"}],"collection":[{"href":"https:\/\/theodorabauer.at\/index.php?rest_route=\/wp\/v2\/pages"}],"about":[{"href":"https:\/\/theodorabauer.at\/index.php?rest_route=\/wp\/v2\/types\/page"}],"author":[{"embeddable":true,"href":"https:\/\/theodorabauer.at\/index.php?rest_route=\/wp\/v2\/users\/2"}],"replies":[{"embeddable":true,"href":"https:\/\/theodorabauer.at\/index.php?rest_route=%2Fwp%2Fv2%2Fcomments&post=78"}],"version-history":[{"count":12,"href":"https:\/\/theodorabauer.at\/index.php?rest_route=\/wp\/v2\/pages\/78\/revisions"}],"predecessor-version":[{"id":812,"href":"https:\/\/theodorabauer.at\/index.php?rest_route=\/wp\/v2\/pages\/78\/revisions\/812"}],"wp:attachment":[{"href":"https:\/\/theodorabauer.at\/index.php?rest_route=%2Fwp%2Fv2%2Fmedia&parent=78"}],"curies":[{"name":"wp","href":"https:\/\/api.w.org\/{rel}","templated":true}]}}