{"id":80,"date":"2015-06-23T14:14:55","date_gmt":"2015-06-23T12:14:55","guid":{"rendered":"http:\/\/theodorabauer.at\/?page_id=80"},"modified":"2024-12-15T14:32:46","modified_gmt":"2024-12-15T13:32:46","slug":"kontakt","status":"publish","type":"page","link":"https:\/\/theodorabauer.at\/?page_id=80","title":{"rendered":"Kontakt"},"content":{"rendered":"<hr \/>\n<p>Anfragen f\u00fcr Textbeispiele, zus\u00e4tzliche Fotos und Referenzen bitte an <strong>theodora-bauer(at)inode.at<\/strong><\/p>\n<p>Gerne stehe ich auch f\u00fcr Workshops, Diskussionsrunden oder Interviews bzw. f\u00fcr die Moderation von Diskussionsveranstaltungen zur Verf\u00fcgung.<\/p>\n<p><strong>Instagram<\/strong>: <a href=\"https:\/\/www.instagram.com\/theodorabauer\/\">https:\/\/www.instagram.com\/theodorabauer\/<\/a><\/p>\n<hr \/>\n<p><strong>Literarische Vertretung Roman:<\/strong><\/p>\n<p>Petra Eggers von der <a href=\"https:\/\/litagentur.com\/de\/buecher\">Agentur Gaeb&amp;Eggers<\/a><\/p>\n<hr \/>\n<p>Verlagskontakt &#8222;Gl\u00fchen&#8220;:<\/p>\n<p><a href=\"https:\/\/www.rowohlt.de\/verlag\/rowohlt-berlin\">ROWOHLT BERLIN VERLAG<\/a><\/p>\n<p>Kreuzbergstra\u00dfe 30<br \/>\n10965 Berlin<\/p>\n<p>Tel.: +49-30-28 53 84-11<\/p>\n<hr \/>\n<p>Verlagskontakt &#8222;Das Fell der Tante Meri&#8220; und &#8222;Chikago&#8220;:<\/p>\n<p><a href=\"http:\/\/www.picus.at\">PICUS VERLAG WIEN<\/a><\/p>\n<p>Friedrich-Schmidt-Platz 4, 1080 Wien<br \/>\nTel. +43 1 408 18 21<br \/>\nFax +43 1 408 18 216<br \/>\ninfo(at)picus.at<\/p>\n<hr \/>\n<p>Verlagskontakt Drama &#8222;papier.waren.pospischil&#8220;, &#8222;Am Vorabend&#8220;, &#8222;Die Enth\u00fcllung&#8220;, &#8222;Kleine Geister&#8220;:<\/p>\n<p><a href=\"http:\/\/schultzundschirm.com\/\">SCHULTZ &amp; SCHIRM B\u00dcHNENVERLAG<\/a><\/p>\n<p>Spengergasse 37, 1050 Wien<br \/>\nTel. +43 1 310 99 42<br \/>\noffice(at)schultzundschirm.com<\/p>\n<hr \/>\n","protected":false},"excerpt":{"rendered":"<p class=\"excerpt\">Anfragen f\u00fcr Textbeispiele, zus\u00e4tzliche Fotos und Referenzen bitte an theodora-bauer(at)inode.at Gerne stehe ich auch f\u00fcr Workshops, Diskussionsrunden oder Interviews bzw. f\u00fcr die Moderation von Diskussionsveranstaltungen zur Verf\u00fcgung. Instagram: https:\/\/www.instagram.com\/theodorabauer\/ Literarische Vertretung Roman: Petra Eggers von der Agentur Gaeb&amp;Eggers Verlagskontakt &#8222;Gl\u00fchen&#8220;: ROWOHLT BERLIN VERLAG Kreuzbergstra\u00dfe 30 10965 Berlin Tel.: +49-30-28 53 84-11 Verlagskontakt &#8222;Das Fell der Tante Meri&#8220; und &#8222;Chikago&#8220;: PICUS&hellip; <a href=\"https:\/\/theodorabauer.at\/?page_id=80\">Read more &rarr;<\/a><\/p>\n","protected":false},"author":2,"featured_media":0,"parent":0,"menu_order":0,"comment_status":"closed","ping_status":"open","template":"","meta":{"footnotes":""},"_links":{"self":[{"href":"https:\/\/theodorabauer.at\/index.php?rest_route=\/wp\/v2\/pages\/80"}],"collection":[{"href":"https:\/\/theodorabauer.at\/index.php?rest_route=\/wp\/v2\/pages"}],"about":[{"href":"https:\/\/theodorabauer.at\/index.php?rest_route=\/wp\/v2\/types\/page"}],"author":[{"embeddable":true,"href":"https:\/\/theodorabauer.at\/index.php?rest_route=\/wp\/v2\/users\/2"}],"replies":[{"embeddable":true,"href":"https:\/\/theodorabauer.at\/index.php?rest_route=%2Fwp%2Fv2%2Fcomments&post=80"}],"version-history":[{"count":13,"href":"https:\/\/theodorabauer.at\/index.php?rest_route=\/wp\/v2\/pages\/80\/revisions"}],"predecessor-version":[{"id":2191,"href":"https:\/\/theodorabauer.at\/index.php?rest_route=\/wp\/v2\/pages\/80\/revisions\/2191"}],"wp:attachment":[{"href":"https:\/\/theodorabauer.at\/index.php?rest_route=%2Fwp%2Fv2%2Fmedia&parent=80"}],"curies":[{"name":"wp","href":"https:\/\/api.w.org\/{rel}","templated":true}]}}